{"id":1568,"date":"2023-07-19T18:33:07","date_gmt":"2023-07-19T16:33:07","guid":{"rendered":"http:\/\/127.0.0.1\/asztalos_web\/?page_id=1568"},"modified":"2026-01-06T16:02:24","modified_gmt":"2026-01-06T15:02:24","slug":"chickpea-griller","status":"publish","type":"page","link":"https:\/\/gabonakolbasz.hu\/en\/chickpea-griller\/","title":{"rendered":"Chickpea Griller"},"content":{"rendered":"\t\t<div data-elementor-type=\"wp-page\" data-elementor-id=\"1568\" class=\"elementor elementor-1568\" data-elementor-post-type=\"page\">\n\t\t\t\t\t\t<section class=\"elementor-section elementor-top-section elementor-element elementor-element-57d0fde elementor-section-boxed elementor-section-height-default elementor-section-height-default\" data-id=\"57d0fde\" data-element_type=\"section\" data-e-type=\"section\" data-settings=\"{&quot;background_background&quot;:&quot;classic&quot;}\">\n\t\t\t\t\t\t<div class=\"elementor-container elementor-column-gap-no\">\n\t\t\t\t\t<div class=\"elementor-column elementor-col-100 elementor-top-column elementor-element elementor-element-2b9a28b\" data-id=\"2b9a28b\" data-element_type=\"column\" data-e-type=\"column\" data-settings=\"{&quot;background_background&quot;:&quot;gradient&quot;}\">\n\t\t\t<div class=\"elementor-widget-wrap elementor-element-populated\">\n\t\t\t\t\t\t<div class=\"elementor-element elementor-element-26fae95 elementor-widget elementor-widget-woocommerce-breadcrumb\" data-id=\"26fae95\" data-element_type=\"widget\" data-e-type=\"widget\" data-widget_type=\"woocommerce-breadcrumb.default\">\n\t\t\t\t<div class=\"elementor-widget-container\">\n\t\t\t\t\t<nav class=\"woocommerce-breadcrumb\" aria-label=\"Breadcrumb\">Home<\/nav>\t\t\t\t<\/div>\n\t\t\t\t<\/div>\n\t\t\t\t<div class=\"elementor-element elementor-element-8e22807 elementor-widget-divider--view-line elementor-widget elementor-widget-divider\" data-id=\"8e22807\" data-element_type=\"widget\" data-e-type=\"widget\" data-widget_type=\"divider.default\">\n\t\t\t\t<div class=\"elementor-widget-container\">\n\t\t\t\t\t\t\t<div class=\"elementor-divider\">\n\t\t\t<span class=\"elementor-divider-separator\">\n\t\t\t\t\t\t<\/span>\n\t\t<\/div>\n\t\t\t\t\t\t<\/div>\n\t\t\t\t<\/div>\n\t\t\t\t<div class=\"elementor-element elementor-element-d789cf4 elementor-product-loop-item--align-left elementor-grid-3 elementor-grid-mobile-1 elementor-grid-tablet-3 elementor-products-grid elementor-wc-products elementor-widget elementor-widget-woocommerce-products\" data-id=\"d789cf4\" data-element_type=\"widget\" data-e-type=\"widget\" data-widget_type=\"woocommerce-products.default\">\n\t\t\t\t<div class=\"elementor-widget-container\">\n\t\t\t\t\t<div class=\"woocommerce columns-3 \"><ul class=\"products elementor-grid columns-3\">\n<li class=\"product type-product post-1264 status-publish first instock product_cat-chickpea-griller has-post-thumbnail featured shipping-taxable product-type-external\">\n\t<a href=\"https:\/\/gabonakolbasz.hu\/en\/termek\/csicseri-griller-csemege-paprikas-250-g\/\" class=\"woocommerce-LoopProduct-link woocommerce-loop-product__link\"><img fetchpriority=\"high\" decoding=\"async\" width=\"300\" height=\"300\" src=\"https:\/\/gabonakolbasz.hu\/en\/wp-content\/uploads\/2023\/07\/griller-csemege-paprikas-300x300.png\" class=\"attachment-woocommerce_thumbnail size-woocommerce_thumbnail\" alt=\"Chickpea Griller \u2022 with paprika \u2022 250 g\" srcset=\"https:\/\/gabonakolbasz.hu\/en\/wp-content\/uploads\/2023\/07\/griller-csemege-paprikas-300x300.png 300w, https:\/\/gabonakolbasz.hu\/en\/wp-content\/uploads\/2023\/07\/griller-csemege-paprikas-150x150.png 150w, https:\/\/gabonakolbasz.hu\/en\/wp-content\/uploads\/2023\/07\/griller-csemege-paprikas-100x100.png 100w\" sizes=\"(max-width: 300px) 100vw, 300px\" \/><h2 class=\"woocommerce-loop-product__title\">Chickpea Griller \u2022 with paprika \u2022 250 g<\/h2>\n\t<span class=\"price\"><span class=\"woocommerce-Price-amount amount\"><bdi>0,00&nbsp;<span class=\"woocommerce-Price-currencySymbol\">&#70;&#116;<\/span><\/bdi><\/span><\/span>\n<\/a><a href=\"#\" aria-describedby=\"woocommerce_loop_add_to_cart_link_describedby_1264\" data-quantity=\"1\" class=\"button product_type_external\" data-product_id=\"1264\" data-product_sku=\"\" aria-label=\"TERM\u00c9K MEGV\u00c1S\u00c1RL\u00c1SA\" rel=\"nofollow\">TERM\u00c9K MEGV\u00c1S\u00c1RL\u00c1SA<\/a>\t<span id=\"woocommerce_loop_add_to_cart_link_describedby_1264\" class=\"screen-reader-text\">\n\t\t\t<\/span>\n<\/li>\n<li class=\"product type-product post-1273 status-publish instock product_cat-chickpea-griller has-post-thumbnail featured shipping-taxable product-type-external\">\n\t<a href=\"https:\/\/gabonakolbasz.hu\/en\/termek\/csicseri-griller-mediterran-izesitesu-250-g\/\" class=\"woocommerce-LoopProduct-link woocommerce-loop-product__link\"><img decoding=\"async\" width=\"300\" height=\"300\" src=\"https:\/\/gabonakolbasz.hu\/en\/wp-content\/uploads\/2023\/07\/griller-mediterran-300x300.png\" class=\"attachment-woocommerce_thumbnail size-woocommerce_thumbnail\" alt=\"Chickpea Griller \u2022 with Mediterranean seasoning \u2022 250 g\" srcset=\"https:\/\/gabonakolbasz.hu\/en\/wp-content\/uploads\/2023\/07\/griller-mediterran-300x300.png 300w, https:\/\/gabonakolbasz.hu\/en\/wp-content\/uploads\/2023\/07\/griller-mediterran-150x150.png 150w, https:\/\/gabonakolbasz.hu\/en\/wp-content\/uploads\/2023\/07\/griller-mediterran-100x100.png 100w\" sizes=\"(max-width: 300px) 100vw, 300px\" \/><h2 class=\"woocommerce-loop-product__title\">Chickpea Griller \u2022 with Mediterranean seasoning \u2022 250 g<\/h2>\n\t<span class=\"price\"><span class=\"woocommerce-Price-amount amount\"><bdi>0,00&nbsp;<span class=\"woocommerce-Price-currencySymbol\">&#70;&#116;<\/span><\/bdi><\/span><\/span>\n<\/a><a href=\"#\" aria-describedby=\"woocommerce_loop_add_to_cart_link_describedby_1273\" data-quantity=\"1\" class=\"button product_type_external\" data-product_id=\"1273\" data-product_sku=\"\" aria-label=\"TERM\u00c9K MEGV\u00c1S\u00c1RL\u00c1SA\" rel=\"nofollow\">TERM\u00c9K MEGV\u00c1S\u00c1RL\u00c1SA<\/a>\t<span id=\"woocommerce_loop_add_to_cart_link_describedby_1273\" class=\"screen-reader-text\">\n\t\t\t<\/span>\n<\/li>\n<li class=\"product type-product post-1265 status-publish last instock product_cat-chickpea-griller has-post-thumbnail featured shipping-taxable product-type-external\">\n\t<a href=\"https:\/\/gabonakolbasz.hu\/en\/termek\/csicseri-griller-csipos-paprikas-250-g\/\" class=\"woocommerce-LoopProduct-link woocommerce-loop-product__link\"><img decoding=\"async\" width=\"300\" height=\"300\" src=\"https:\/\/gabonakolbasz.hu\/en\/wp-content\/uploads\/2023\/07\/griller-csipos-paprikas-300x300.png\" class=\"attachment-woocommerce_thumbnail size-woocommerce_thumbnail\" alt=\"Chickpea Griller \u2022 with spicy paprika \u2022 250 g\" srcset=\"https:\/\/gabonakolbasz.hu\/en\/wp-content\/uploads\/2023\/07\/griller-csipos-paprikas-300x300.png 300w, https:\/\/gabonakolbasz.hu\/en\/wp-content\/uploads\/2023\/07\/griller-csipos-paprikas-150x150.png 150w, https:\/\/gabonakolbasz.hu\/en\/wp-content\/uploads\/2023\/07\/griller-csipos-paprikas-100x100.png 100w\" sizes=\"(max-width: 300px) 100vw, 300px\" \/><h2 class=\"woocommerce-loop-product__title\">Chickpea Griller \u2022 with spicy paprika \u2022 250 g<\/h2>\n\t<span class=\"price\"><span class=\"woocommerce-Price-amount amount\"><bdi>0,00&nbsp;<span class=\"woocommerce-Price-currencySymbol\">&#70;&#116;<\/span><\/bdi><\/span><\/span>\n<\/a><a href=\"#\" aria-describedby=\"woocommerce_loop_add_to_cart_link_describedby_1265\" data-quantity=\"1\" class=\"button product_type_external\" data-product_id=\"1265\" data-product_sku=\"\" aria-label=\"TERM\u00c9K MEGV\u00c1S\u00c1RL\u00c1SA\" rel=\"nofollow\">TERM\u00c9K MEGV\u00c1S\u00c1RL\u00c1SA<\/a>\t<span id=\"woocommerce_loop_add_to_cart_link_describedby_1265\" class=\"screen-reader-text\">\n\t\t\t<\/span>\n<\/li>\n<li class=\"product type-product post-1275 status-publish first instock product_cat-chickpea-griller has-post-thumbnail featured shipping-taxable product-type-external\">\n\t<a href=\"https:\/\/gabonakolbasz.hu\/en\/termek\/csicseri-griller-zoldfuszeres-250-g\/\" class=\"woocommerce-LoopProduct-link woocommerce-loop-product__link\"><img loading=\"lazy\" decoding=\"async\" width=\"300\" height=\"300\" src=\"https:\/\/gabonakolbasz.hu\/en\/wp-content\/uploads\/2023\/07\/griller-zoldfuszeres-300x300.png\" class=\"attachment-woocommerce_thumbnail size-woocommerce_thumbnail\" alt=\"Chickpea Griller \u2022 with herbs \u2022 250 g\" srcset=\"https:\/\/gabonakolbasz.hu\/en\/wp-content\/uploads\/2023\/07\/griller-zoldfuszeres-300x300.png 300w, https:\/\/gabonakolbasz.hu\/en\/wp-content\/uploads\/2023\/07\/griller-zoldfuszeres-150x150.png 150w, https:\/\/gabonakolbasz.hu\/en\/wp-content\/uploads\/2023\/07\/griller-zoldfuszeres-100x100.png 100w\" sizes=\"(max-width: 300px) 100vw, 300px\" \/><h2 class=\"woocommerce-loop-product__title\">Chickpea Griller \u2022 with herbs \u2022 250 g<\/h2>\n\t<span class=\"price\"><span class=\"woocommerce-Price-amount amount\"><bdi>0,00&nbsp;<span class=\"woocommerce-Price-currencySymbol\">&#70;&#116;<\/span><\/bdi><\/span><\/span>\n<\/a><a href=\"#\" aria-describedby=\"woocommerce_loop_add_to_cart_link_describedby_1275\" data-quantity=\"1\" class=\"button product_type_external\" data-product_id=\"1275\" data-product_sku=\"\" aria-label=\"TERM\u00c9K MEGV\u00c1S\u00c1RL\u00c1SA\" rel=\"nofollow\">TERM\u00c9K MEGV\u00c1S\u00c1RL\u00c1SA<\/a>\t<span id=\"woocommerce_loop_add_to_cart_link_describedby_1275\" class=\"screen-reader-text\">\n\t\t\t<\/span>\n<\/li>\n<\/ul>\n<\/div>\t\t\t\t<\/div>\n\t\t\t\t<\/div>\n\t\t\t\t\t<\/div>\n\t\t<\/div>\n\t\t\t\t\t<\/div>\n\t\t<\/section>\n\t\t\t\t<section class=\"elementor-section elementor-top-section elementor-element elementor-element-d72a89a elementor-section-boxed elementor-section-height-default elementor-section-height-default\" data-id=\"d72a89a\" data-element_type=\"section\" data-e-type=\"section\" data-settings=\"{&quot;background_background&quot;:&quot;classic&quot;}\">\n\t\t\t\t\t\t<div class=\"elementor-container elementor-column-gap-no\">\n\t\t\t\t\t<div class=\"elementor-column elementor-col-100 elementor-top-column elementor-element elementor-element-b965765\" data-id=\"b965765\" data-element_type=\"column\" data-e-type=\"column\" data-settings=\"{&quot;background_background&quot;:&quot;classic&quot;}\">\n\t\t\t<div class=\"elementor-widget-wrap elementor-element-populated\">\n\t\t\t\t\t\t\t<\/div>\n\t\t<\/div>\n\t\t\t\t\t<\/div>\n\t\t<\/section>\n\t\t\t\t<section class=\"elementor-section elementor-top-section elementor-element elementor-element-b2391e4 elementor-section-boxed elementor-section-height-default elementor-section-height-default\" data-id=\"b2391e4\" data-element_type=\"section\" data-e-type=\"section\" data-settings=\"{&quot;background_background&quot;:&quot;classic&quot;}\">\n\t\t\t\t\t\t<div class=\"elementor-container elementor-column-gap-no\">\n\t\t\t\t\t<div class=\"elementor-column elementor-col-100 elementor-top-column elementor-element elementor-element-c28438b\" data-id=\"c28438b\" data-element_type=\"column\" data-e-type=\"column\" data-settings=\"{&quot;background_background&quot;:&quot;gradient&quot;}\">\n\t\t\t<div class=\"elementor-widget-wrap elementor-element-populated\">\n\t\t\t\t\t\t<div class=\"elementor-element elementor-element-6e12db9 elementor-widget elementor-widget-heading\" data-id=\"6e12db9\" data-element_type=\"widget\" data-e-type=\"widget\" data-widget_type=\"heading.default\">\n\t\t\t\t<div class=\"elementor-widget-container\">\n\t\t\t\t\t<h2 class=\"elementor-heading-title elementor-size-default\">RECIPE IDEAS<\/h2>\t\t\t\t<\/div>\n\t\t\t\t<\/div>\n\t\t\t\t<div class=\"elementor-element elementor-element-140f17c elementor-widget-divider--view-line elementor-widget elementor-widget-divider\" data-id=\"140f17c\" data-element_type=\"widget\" data-e-type=\"widget\" data-widget_type=\"divider.default\">\n\t\t\t\t<div class=\"elementor-widget-container\">\n\t\t\t\t\t\t\t<div class=\"elementor-divider\">\n\t\t\t<span class=\"elementor-divider-separator\">\n\t\t\t\t\t\t<\/span>\n\t\t<\/div>\n\t\t\t\t\t\t<\/div>\n\t\t\t\t<\/div>\n\t\t\t\t<div class=\"elementor-element elementor-element-f3e5a52 elementor-product-loop-item--align-left elementor-grid-3 elementor-grid-mobile-1 elementor-grid-tablet-3 elementor-products-grid elementor-wc-products elementor-widget elementor-widget-woocommerce-products\" data-id=\"f3e5a52\" data-element_type=\"widget\" data-e-type=\"widget\" data-widget_type=\"woocommerce-products.default\">\n\t\t\t\t<div class=\"elementor-widget-container\">\n\t\t\t\t\t<div class=\"woocommerce columns-3 \"><ul class=\"products elementor-grid columns-3\">\n<li class=\"product type-product post-3340 status-publish first instock product_cat-chickpea-griller-recipes has-post-thumbnail featured shipping-taxable product-type-simple\">\n\t<a href=\"https:\/\/gabonakolbasz.hu\/en\/termek\/smashed-hot-dog\/\" class=\"woocommerce-LoopProduct-link woocommerce-loop-product__link\"><img loading=\"lazy\" decoding=\"async\" width=\"300\" height=\"300\" src=\"https:\/\/gabonakolbasz.hu\/en\/wp-content\/uploads\/2025\/03\/IMG_0768-300x300.jpg\" class=\"attachment-woocommerce_thumbnail size-woocommerce_thumbnail\" alt=\"Smashed hot-dog\" srcset=\"https:\/\/gabonakolbasz.hu\/en\/wp-content\/uploads\/2025\/03\/IMG_0768-300x300.jpg 300w, https:\/\/gabonakolbasz.hu\/en\/wp-content\/uploads\/2025\/03\/IMG_0768-1024x1024.jpg 1024w, https:\/\/gabonakolbasz.hu\/en\/wp-content\/uploads\/2025\/03\/IMG_0768-150x150.jpg 150w, https:\/\/gabonakolbasz.hu\/en\/wp-content\/uploads\/2025\/03\/IMG_0768-768x768.jpg 768w, https:\/\/gabonakolbasz.hu\/en\/wp-content\/uploads\/2025\/03\/IMG_0768-1536x1536.jpg 1536w, https:\/\/gabonakolbasz.hu\/en\/wp-content\/uploads\/2025\/03\/IMG_0768-600x600.jpg 600w, https:\/\/gabonakolbasz.hu\/en\/wp-content\/uploads\/2025\/03\/IMG_0768-100x100.jpg 100w, https:\/\/gabonakolbasz.hu\/en\/wp-content\/uploads\/2025\/03\/IMG_0768.jpg 1984w\" sizes=\"(max-width: 300px) 100vw, 300px\" \/><h2 class=\"woocommerce-loop-product__title\">Smashed hot-dog<\/h2>\n<\/a><a href=\"https:\/\/gabonakolbasz.hu\/en\/termek\/smashed-hot-dog\/\" aria-describedby=\"woocommerce_loop_add_to_cart_link_describedby_3340\" data-quantity=\"1\" class=\"button product_type_simple\" data-product_id=\"3340\" data-product_sku=\"\" aria-label=\"Read more about &ldquo;Smashed hot-dog&rdquo;\" rel=\"nofollow\" data-success_message=\"\">Read more<\/a>\t<span id=\"woocommerce_loop_add_to_cart_link_describedby_3340\" class=\"screen-reader-text\">\n\t\t\t<\/span>\n<\/li>\n<li class=\"product type-product post-3171 status-publish instock product_cat-chickpea-griller-recipes product_cat-smoked-wheat-and-soy-salami-recipes has-post-thumbnail featured shipping-taxable product-type-simple\">\n\t<a href=\"https:\/\/gabonakolbasz.hu\/en\/termek\/paprikas-krumpli\/\" class=\"woocommerce-LoopProduct-link woocommerce-loop-product__link\"><img loading=\"lazy\" decoding=\"async\" width=\"300\" height=\"300\" src=\"https:\/\/gabonakolbasz.hu\/en\/wp-content\/uploads\/2024\/11\/IMG_8109-300x300.jpg\" class=\"attachment-woocommerce_thumbnail size-woocommerce_thumbnail\" alt=\"Potatoe paprikash\" srcset=\"https:\/\/gabonakolbasz.hu\/en\/wp-content\/uploads\/2024\/11\/IMG_8109-300x300.jpg 300w, https:\/\/gabonakolbasz.hu\/en\/wp-content\/uploads\/2024\/11\/IMG_8109-1024x1024.jpg 1024w, https:\/\/gabonakolbasz.hu\/en\/wp-content\/uploads\/2024\/11\/IMG_8109-150x150.jpg 150w, https:\/\/gabonakolbasz.hu\/en\/wp-content\/uploads\/2024\/11\/IMG_8109-768x768.jpg 768w, https:\/\/gabonakolbasz.hu\/en\/wp-content\/uploads\/2024\/11\/IMG_8109-1536x1536.jpg 1536w, https:\/\/gabonakolbasz.hu\/en\/wp-content\/uploads\/2024\/11\/IMG_8109-600x600.jpg 600w, https:\/\/gabonakolbasz.hu\/en\/wp-content\/uploads\/2024\/11\/IMG_8109-100x100.jpg 100w, https:\/\/gabonakolbasz.hu\/en\/wp-content\/uploads\/2024\/11\/IMG_8109.jpg 1984w\" sizes=\"(max-width: 300px) 100vw, 300px\" \/><h2 class=\"woocommerce-loop-product__title\">Potatoe paprikash<\/h2>\n<\/a><a href=\"https:\/\/gabonakolbasz.hu\/en\/termek\/paprikas-krumpli\/\" aria-describedby=\"woocommerce_loop_add_to_cart_link_describedby_3171\" data-quantity=\"1\" class=\"button product_type_simple\" data-product_id=\"3171\" data-product_sku=\"\" aria-label=\"Read more about &ldquo;Potatoe paprikash&rdquo;\" rel=\"nofollow\" data-success_message=\"\">Read more<\/a>\t<span id=\"woocommerce_loop_add_to_cart_link_describedby_3171\" class=\"screen-reader-text\">\n\t\t\t<\/span>\n<\/li>\n<li class=\"product type-product post-3308 status-publish last instock product_cat-chickpea-griller-recipes has-post-thumbnail featured shipping-taxable product-type-simple\">\n\t<a href=\"https:\/\/gabonakolbasz.hu\/en\/termek\/hummusz-tal\/\" class=\"woocommerce-LoopProduct-link woocommerce-loop-product__link\"><img loading=\"lazy\" decoding=\"async\" width=\"300\" height=\"300\" src=\"https:\/\/gabonakolbasz.hu\/en\/wp-content\/uploads\/2025\/01\/IMG_9107-300x300.jpg\" class=\"attachment-woocommerce_thumbnail size-woocommerce_thumbnail\" alt=\"Hummus platter\" srcset=\"https:\/\/gabonakolbasz.hu\/en\/wp-content\/uploads\/2025\/01\/IMG_9107-300x300.jpg 300w, https:\/\/gabonakolbasz.hu\/en\/wp-content\/uploads\/2025\/01\/IMG_9107-1024x1024.jpg 1024w, https:\/\/gabonakolbasz.hu\/en\/wp-content\/uploads\/2025\/01\/IMG_9107-150x150.jpg 150w, https:\/\/gabonakolbasz.hu\/en\/wp-content\/uploads\/2025\/01\/IMG_9107-768x768.jpg 768w, https:\/\/gabonakolbasz.hu\/en\/wp-content\/uploads\/2025\/01\/IMG_9107-1536x1536.jpg 1536w, https:\/\/gabonakolbasz.hu\/en\/wp-content\/uploads\/2025\/01\/IMG_9107-600x600.jpg 600w, https:\/\/gabonakolbasz.hu\/en\/wp-content\/uploads\/2025\/01\/IMG_9107-100x100.jpg 100w, https:\/\/gabonakolbasz.hu\/en\/wp-content\/uploads\/2025\/01\/IMG_9107.jpg 1984w\" sizes=\"(max-width: 300px) 100vw, 300px\" \/><h2 class=\"woocommerce-loop-product__title\">Hummus platter<\/h2>\n<\/a><a href=\"https:\/\/gabonakolbasz.hu\/en\/termek\/hummusz-tal\/\" aria-describedby=\"woocommerce_loop_add_to_cart_link_describedby_3308\" data-quantity=\"1\" class=\"button product_type_simple\" data-product_id=\"3308\" data-product_sku=\"\" aria-label=\"Read more about &ldquo;Hummus platter&rdquo;\" rel=\"nofollow\" data-success_message=\"\">Read more<\/a>\t<span id=\"woocommerce_loop_add_to_cart_link_describedby_3308\" class=\"screen-reader-text\">\n\t\t\t<\/span>\n<\/li>\n<li class=\"product type-product post-3167 status-publish first instock product_cat-chickpea-griller-recipes has-post-thumbnail featured shipping-taxable product-type-simple\">\n\t<a href=\"https:\/\/gabonakolbasz.hu\/en\/termek\/babfozelek-csicseri-grillerrel\/\" class=\"woocommerce-LoopProduct-link woocommerce-loop-product__link\"><img loading=\"lazy\" decoding=\"async\" width=\"300\" height=\"300\" src=\"https:\/\/gabonakolbasz.hu\/en\/wp-content\/uploads\/2024\/11\/IMG_7051-1-300x300.jpg\" class=\"attachment-woocommerce_thumbnail size-woocommerce_thumbnail\" alt=\"Pinto bean stew\" srcset=\"https:\/\/gabonakolbasz.hu\/en\/wp-content\/uploads\/2024\/11\/IMG_7051-1-300x300.jpg 300w, https:\/\/gabonakolbasz.hu\/en\/wp-content\/uploads\/2024\/11\/IMG_7051-1-1024x1024.jpg 1024w, https:\/\/gabonakolbasz.hu\/en\/wp-content\/uploads\/2024\/11\/IMG_7051-1-150x150.jpg 150w, https:\/\/gabonakolbasz.hu\/en\/wp-content\/uploads\/2024\/11\/IMG_7051-1-768x768.jpg 768w, https:\/\/gabonakolbasz.hu\/en\/wp-content\/uploads\/2024\/11\/IMG_7051-1-1536x1536.jpg 1536w, https:\/\/gabonakolbasz.hu\/en\/wp-content\/uploads\/2024\/11\/IMG_7051-1-600x600.jpg 600w, https:\/\/gabonakolbasz.hu\/en\/wp-content\/uploads\/2024\/11\/IMG_7051-1-100x100.jpg 100w, https:\/\/gabonakolbasz.hu\/en\/wp-content\/uploads\/2024\/11\/IMG_7051-1.jpg 1984w\" sizes=\"(max-width: 300px) 100vw, 300px\" \/><h2 class=\"woocommerce-loop-product__title\">Pinto bean stew<\/h2>\n<\/a><a href=\"https:\/\/gabonakolbasz.hu\/en\/termek\/babfozelek-csicseri-grillerrel\/\" aria-describedby=\"woocommerce_loop_add_to_cart_link_describedby_3167\" data-quantity=\"1\" class=\"button product_type_simple\" data-product_id=\"3167\" data-product_sku=\"\" aria-label=\"Read more about &ldquo;Pinto bean stew&rdquo;\" rel=\"nofollow\" data-success_message=\"\">Read more<\/a>\t<span id=\"woocommerce_loop_add_to_cart_link_describedby_3167\" class=\"screen-reader-text\">\n\t\t\t<\/span>\n<\/li>\n<\/ul>\n<\/div>\t\t\t\t<\/div>\n\t\t\t\t<\/div>\n\t\t\t\t\t<\/div>\n\t\t<\/div>\n\t\t\t\t\t<\/div>\n\t\t<\/section>\n\t\t\t\t<\/div>\n\t\t","protected":false},"excerpt":{"rendered":"<p>RECIPE IDEAS<\/p>\n","protected":false},"author":1,"featured_media":0,"parent":0,"menu_order":0,"comment_status":"closed","ping_status":"closed","template":"","meta":{"footnotes":""},"class_list":["post-1568","page","type-page","status-publish","hentry"],"yoast_head":"<!-- This site is optimized with the Yoast SEO plugin v26.9 - https:\/\/yoast.com\/product\/yoast-seo-wordpress\/ -->\n<title>Chickpea Griller - Vega-Farm | Vegan Products<\/title>\n<meta name=\"robots\" content=\"index, follow, max-snippet:-1, max-image-preview:large, max-video-preview:-1\" \/>\n<link rel=\"canonical\" href=\"https:\/\/gabonakolbasz.hu\/en\/chickpea-griller\/\" \/>\n<meta property=\"og:locale\" content=\"en_US\" \/>\n<meta property=\"og:type\" content=\"article\" \/>\n<meta property=\"og:title\" content=\"Chickpea Griller - Vega-Farm | Vegan Products\" \/>\n<meta property=\"og:description\" content=\"RECIPE IDEAS\" \/>\n<meta property=\"og:url\" content=\"https:\/\/gabonakolbasz.hu\/en\/chickpea-griller\/\" \/>\n<meta property=\"og:site_name\" content=\"Vega-Farm | Vegan Products\" \/>\n<meta property=\"article:modified_time\" content=\"2026-01-06T15:02:24+00:00\" \/>\n<meta name=\"twitter:card\" content=\"summary_large_image\" \/>\n<meta name=\"twitter:label1\" content=\"Est. reading time\" \/>\n\t<meta name=\"twitter:data1\" content=\"2 minutes\" \/>\n<script type=\"application\/ld+json\" class=\"yoast-schema-graph\">{\"@context\":\"https:\/\/schema.org\",\"@graph\":[{\"@type\":\"WebPage\",\"@id\":\"https:\/\/gabonakolbasz.hu\/en\/chickpea-griller\/\",\"url\":\"https:\/\/gabonakolbasz.hu\/en\/chickpea-griller\/\",\"name\":\"Chickpea Griller - Vega-Farm | Vegan Products\",\"isPartOf\":{\"@id\":\"https:\/\/gabonakolbasz.hu\/en\/#website\"},\"datePublished\":\"2023-07-19T16:33:07+00:00\",\"dateModified\":\"2026-01-06T15:02:24+00:00\",\"breadcrumb\":{\"@id\":\"https:\/\/gabonakolbasz.hu\/en\/chickpea-griller\/#breadcrumb\"},\"inLanguage\":\"en-US\",\"potentialAction\":[{\"@type\":\"ReadAction\",\"target\":[\"https:\/\/gabonakolbasz.hu\/en\/chickpea-griller\/\"]}]},{\"@type\":\"BreadcrumbList\",\"@id\":\"https:\/\/gabonakolbasz.hu\/en\/chickpea-griller\/#breadcrumb\",\"itemListElement\":[{\"@type\":\"ListItem\",\"position\":1,\"name\":\"Kezd\u0151lap\",\"item\":\"https:\/\/gabonakolbasz.hu\/en\/\"},{\"@type\":\"ListItem\",\"position\":2,\"name\":\"Chickpea Griller\"}]},{\"@type\":\"WebSite\",\"@id\":\"https:\/\/gabonakolbasz.hu\/en\/#website\",\"url\":\"https:\/\/gabonakolbasz.hu\/en\/\",\"name\":\"Vega-Farm | Vegan Products\",\"description\":\"\",\"potentialAction\":[{\"@type\":\"SearchAction\",\"target\":{\"@type\":\"EntryPoint\",\"urlTemplate\":\"https:\/\/gabonakolbasz.hu\/en\/?s={search_term_string}\"},\"query-input\":{\"@type\":\"PropertyValueSpecification\",\"valueRequired\":true,\"valueName\":\"search_term_string\"}}],\"inLanguage\":\"en-US\"}]}<\/script>\n<!-- \/ Yoast SEO plugin. -->","yoast_head_json":{"title":"Chickpea Griller - Vega-Farm | Vegan Products","robots":{"index":"index","follow":"follow","max-snippet":"max-snippet:-1","max-image-preview":"max-image-preview:large","max-video-preview":"max-video-preview:-1"},"canonical":"https:\/\/gabonakolbasz.hu\/en\/chickpea-griller\/","og_locale":"en_US","og_type":"article","og_title":"Chickpea Griller - Vega-Farm | Vegan Products","og_description":"RECIPE IDEAS","og_url":"https:\/\/gabonakolbasz.hu\/en\/chickpea-griller\/","og_site_name":"Vega-Farm | Vegan Products","article_modified_time":"2026-01-06T15:02:24+00:00","twitter_card":"summary_large_image","twitter_misc":{"Est. reading time":"2 minutes"},"schema":{"@context":"https:\/\/schema.org","@graph":[{"@type":"WebPage","@id":"https:\/\/gabonakolbasz.hu\/en\/chickpea-griller\/","url":"https:\/\/gabonakolbasz.hu\/en\/chickpea-griller\/","name":"Chickpea Griller - Vega-Farm | Vegan Products","isPartOf":{"@id":"https:\/\/gabonakolbasz.hu\/en\/#website"},"datePublished":"2023-07-19T16:33:07+00:00","dateModified":"2026-01-06T15:02:24+00:00","breadcrumb":{"@id":"https:\/\/gabonakolbasz.hu\/en\/chickpea-griller\/#breadcrumb"},"inLanguage":"en-US","potentialAction":[{"@type":"ReadAction","target":["https:\/\/gabonakolbasz.hu\/en\/chickpea-griller\/"]}]},{"@type":"BreadcrumbList","@id":"https:\/\/gabonakolbasz.hu\/en\/chickpea-griller\/#breadcrumb","itemListElement":[{"@type":"ListItem","position":1,"name":"Kezd\u0151lap","item":"https:\/\/gabonakolbasz.hu\/en\/"},{"@type":"ListItem","position":2,"name":"Chickpea Griller"}]},{"@type":"WebSite","@id":"https:\/\/gabonakolbasz.hu\/en\/#website","url":"https:\/\/gabonakolbasz.hu\/en\/","name":"Vega-Farm | Vegan Products","description":"","potentialAction":[{"@type":"SearchAction","target":{"@type":"EntryPoint","urlTemplate":"https:\/\/gabonakolbasz.hu\/en\/?s={search_term_string}"},"query-input":{"@type":"PropertyValueSpecification","valueRequired":true,"valueName":"search_term_string"}}],"inLanguage":"en-US"}]}},"_links":{"self":[{"href":"https:\/\/gabonakolbasz.hu\/en\/wp-json\/wp\/v2\/pages\/1568","targetHints":{"allow":["GET"]}}],"collection":[{"href":"https:\/\/gabonakolbasz.hu\/en\/wp-json\/wp\/v2\/pages"}],"about":[{"href":"https:\/\/gabonakolbasz.hu\/en\/wp-json\/wp\/v2\/types\/page"}],"author":[{"embeddable":true,"href":"https:\/\/gabonakolbasz.hu\/en\/wp-json\/wp\/v2\/users\/1"}],"replies":[{"embeddable":true,"href":"https:\/\/gabonakolbasz.hu\/en\/wp-json\/wp\/v2\/comments?post=1568"}],"version-history":[{"count":19,"href":"https:\/\/gabonakolbasz.hu\/en\/wp-json\/wp\/v2\/pages\/1568\/revisions"}],"predecessor-version":[{"id":3847,"href":"https:\/\/gabonakolbasz.hu\/en\/wp-json\/wp\/v2\/pages\/1568\/revisions\/3847"}],"wp:attachment":[{"href":"https:\/\/gabonakolbasz.hu\/en\/wp-json\/wp\/v2\/media?parent=1568"}],"curies":[{"name":"wp","href":"https:\/\/api.w.org\/{rel}","templated":true}]}}