{"id":3030,"date":"2024-09-28T22:56:45","date_gmt":"2024-09-28T20:56:45","guid":{"rendered":"https:\/\/gabonakolbasz.hu\/en\/?page_id=3030"},"modified":"2026-01-06T16:05:37","modified_gmt":"2026-01-06T15:05:37","slug":"vegan-ready-meals","status":"publish","type":"page","link":"https:\/\/gabonakolbasz.hu\/en\/vegan-ready-meals\/","title":{"rendered":"Vegan Ready Meals"},"content":{"rendered":"\t\t<div data-elementor-type=\"wp-page\" data-elementor-id=\"3030\" class=\"elementor elementor-3030\" data-elementor-post-type=\"page\">\n\t\t\t\t\t\t<section class=\"elementor-section elementor-top-section elementor-element elementor-element-40f17ee elementor-section-boxed elementor-section-height-default elementor-section-height-default\" data-id=\"40f17ee\" data-element_type=\"section\" data-e-type=\"section\" data-settings=\"{&quot;background_background&quot;:&quot;classic&quot;}\">\n\t\t\t\t\t\t<div class=\"elementor-container elementor-column-gap-no\">\n\t\t\t\t\t<div class=\"elementor-column elementor-col-100 elementor-top-column elementor-element elementor-element-51f56cd\" data-id=\"51f56cd\" data-element_type=\"column\" data-e-type=\"column\" data-settings=\"{&quot;background_background&quot;:&quot;gradient&quot;}\">\n\t\t\t<div class=\"elementor-widget-wrap elementor-element-populated\">\n\t\t\t\t\t\t<div class=\"elementor-element elementor-element-ff5ecd9 elementor-widget elementor-widget-woocommerce-breadcrumb\" data-id=\"ff5ecd9\" data-element_type=\"widget\" data-e-type=\"widget\" data-widget_type=\"woocommerce-breadcrumb.default\">\n\t\t\t\t<div class=\"elementor-widget-container\">\n\t\t\t\t\t<nav class=\"woocommerce-breadcrumb\" aria-label=\"Breadcrumb\">Home<\/nav>\t\t\t\t<\/div>\n\t\t\t\t<\/div>\n\t\t\t\t<div class=\"elementor-element elementor-element-ef51bb7 elementor-widget-divider--view-line elementor-widget elementor-widget-divider\" data-id=\"ef51bb7\" data-element_type=\"widget\" data-e-type=\"widget\" data-widget_type=\"divider.default\">\n\t\t\t\t<div class=\"elementor-widget-container\">\n\t\t\t\t\t\t\t<div class=\"elementor-divider\">\n\t\t\t<span class=\"elementor-divider-separator\">\n\t\t\t\t\t\t<\/span>\n\t\t<\/div>\n\t\t\t\t\t\t<\/div>\n\t\t\t\t<\/div>\n\t\t\t\t<div class=\"elementor-element elementor-element-1f027b6 elementor-product-loop-item--align-left elementor-grid-3 elementor-grid-mobile-1 elementor-grid-tablet-3 elementor-products-grid elementor-wc-products elementor-widget elementor-widget-woocommerce-products\" data-id=\"1f027b6\" data-element_type=\"widget\" data-e-type=\"widget\" data-widget_type=\"woocommerce-products.default\">\n\t\t\t\t<div class=\"elementor-widget-container\">\n\t\t\t\t\t<div class=\"woocommerce columns-3 \"><ul class=\"products elementor-grid columns-3\">\n<li class=\"product type-product post-3758 status-publish first instock product_cat-vegan-ready-meals has-post-thumbnail featured shipping-taxable product-type-external\">\n\t<a href=\"https:\/\/gabonakolbasz.hu\/en\/termek\/vegan-green-pea-stew-with-seitan-and-mushrooms\/\" class=\"woocommerce-LoopProduct-link woocommerce-loop-product__link\"><img fetchpriority=\"high\" decoding=\"async\" width=\"300\" height=\"300\" src=\"https:\/\/gabonakolbasz.hu\/en\/wp-content\/uploads\/2024\/10\/green-pee-stew-300x300.png\" class=\"attachment-woocommerce_thumbnail size-woocommerce_thumbnail\" alt=\"Vegan Green Pea Stew \u2022 with seitan \u2022 350 g\" srcset=\"https:\/\/gabonakolbasz.hu\/en\/wp-content\/uploads\/2024\/10\/green-pee-stew-300x300.png 300w, https:\/\/gabonakolbasz.hu\/en\/wp-content\/uploads\/2024\/10\/green-pee-stew-150x150.png 150w, https:\/\/gabonakolbasz.hu\/en\/wp-content\/uploads\/2024\/10\/green-pee-stew-768x768.png 768w, https:\/\/gabonakolbasz.hu\/en\/wp-content\/uploads\/2024\/10\/green-pee-stew-600x600.png 600w, https:\/\/gabonakolbasz.hu\/en\/wp-content\/uploads\/2024\/10\/green-pee-stew-100x100.png 100w, https:\/\/gabonakolbasz.hu\/en\/wp-content\/uploads\/2024\/10\/green-pee-stew.png 1000w\" sizes=\"(max-width: 300px) 100vw, 300px\" \/><h2 class=\"woocommerce-loop-product__title\">Vegan Green Pea Stew \u2022 with seitan \u2022 350 g<\/h2>\n\t<span class=\"price\"><span class=\"woocommerce-Price-amount amount\"><bdi>0,00&nbsp;<span class=\"woocommerce-Price-currencySymbol\">&#70;&#116;<\/span><\/bdi><\/span><\/span>\n<\/a><a href=\"#\" aria-describedby=\"woocommerce_loop_add_to_cart_link_describedby_3758\" data-quantity=\"1\" class=\"button product_type_external\" data-product_id=\"3758\" data-product_sku=\"\" aria-label=\"TERM\u00c9K MEGV\u00c1S\u00c1RL\u00c1SA\" rel=\"nofollow\">TERM\u00c9K MEGV\u00c1S\u00c1RL\u00c1SA<\/a>\t<span id=\"woocommerce_loop_add_to_cart_link_describedby_3758\" class=\"screen-reader-text\">\n\t\t\t<\/span>\n<\/li>\n<li class=\"product type-product post-3143 status-publish instock product_cat-vegan-ready-meals has-post-thumbnail featured shipping-taxable product-type-external\">\n\t<a href=\"https:\/\/gabonakolbasz.hu\/en\/termek\/vegan-szekelykaposzta-fustolt-szejtannal-350-g\/\" class=\"woocommerce-LoopProduct-link woocommerce-loop-product__link\"><img decoding=\"async\" width=\"300\" height=\"300\" src=\"https:\/\/gabonakolbasz.hu\/en\/wp-content\/uploads\/2024\/10\/sauerkraut-stew-300x300.png\" class=\"attachment-woocommerce_thumbnail size-woocommerce_thumbnail\" alt=\"Vegan Sauerkraut Stew \u2022 with smoked seitan \u2022 350 g\" srcset=\"https:\/\/gabonakolbasz.hu\/en\/wp-content\/uploads\/2024\/10\/sauerkraut-stew-300x300.png 300w, https:\/\/gabonakolbasz.hu\/en\/wp-content\/uploads\/2024\/10\/sauerkraut-stew-150x150.png 150w, https:\/\/gabonakolbasz.hu\/en\/wp-content\/uploads\/2024\/10\/sauerkraut-stew-768x768.png 768w, https:\/\/gabonakolbasz.hu\/en\/wp-content\/uploads\/2024\/10\/sauerkraut-stew-600x600.png 600w, https:\/\/gabonakolbasz.hu\/en\/wp-content\/uploads\/2024\/10\/sauerkraut-stew-100x100.png 100w, https:\/\/gabonakolbasz.hu\/en\/wp-content\/uploads\/2024\/10\/sauerkraut-stew.png 1000w\" sizes=\"(max-width: 300px) 100vw, 300px\" \/><h2 class=\"woocommerce-loop-product__title\">Vegan Sauerkraut Stew \u2022 with smoked seitan \u2022 350 g<\/h2>\n\t<span class=\"price\"><span class=\"woocommerce-Price-amount amount\"><bdi>0,00&nbsp;<span class=\"woocommerce-Price-currencySymbol\">&#70;&#116;<\/span><\/bdi><\/span><\/span>\n<\/a><a href=\"#\" aria-describedby=\"woocommerce_loop_add_to_cart_link_describedby_3143\" data-quantity=\"1\" class=\"button product_type_external\" data-product_id=\"3143\" data-product_sku=\"\" aria-label=\"TERM\u00c9K MEGV\u00c1S\u00c1RL\u00c1SA\" rel=\"nofollow\">TERM\u00c9K MEGV\u00c1S\u00c1RL\u00c1SA<\/a>\t<span id=\"woocommerce_loop_add_to_cart_link_describedby_3143\" class=\"screen-reader-text\">\n\t\t\t<\/span>\n<\/li>\n<li class=\"product type-product post-3138 status-publish last instock product_cat-vegan-ready-meals has-post-thumbnail shipping-taxable product-type-external\">\n\t<a href=\"https:\/\/gabonakolbasz.hu\/en\/termek\/vegan-babgulyas-350g\/\" class=\"woocommerce-LoopProduct-link woocommerce-loop-product__link\"><img decoding=\"async\" width=\"300\" height=\"300\" src=\"https:\/\/gabonakolbasz.hu\/en\/wp-content\/uploads\/2024\/10\/bean-goulash-300x300.png\" class=\"attachment-woocommerce_thumbnail size-woocommerce_thumbnail\" alt=\"Vegan Bean Goulash \u2022 with smoked seitan \u2022 350 g\" srcset=\"https:\/\/gabonakolbasz.hu\/en\/wp-content\/uploads\/2024\/10\/bean-goulash-300x300.png 300w, https:\/\/gabonakolbasz.hu\/en\/wp-content\/uploads\/2024\/10\/bean-goulash-150x150.png 150w, https:\/\/gabonakolbasz.hu\/en\/wp-content\/uploads\/2024\/10\/bean-goulash-768x768.png 768w, https:\/\/gabonakolbasz.hu\/en\/wp-content\/uploads\/2024\/10\/bean-goulash-600x600.png 600w, https:\/\/gabonakolbasz.hu\/en\/wp-content\/uploads\/2024\/10\/bean-goulash-100x100.png 100w, https:\/\/gabonakolbasz.hu\/en\/wp-content\/uploads\/2024\/10\/bean-goulash.png 1000w\" sizes=\"(max-width: 300px) 100vw, 300px\" \/><h2 class=\"woocommerce-loop-product__title\">Vegan Bean Goulash \u2022 with smoked seitan \u2022 350 g<\/h2>\n\t<span class=\"price\"><span class=\"woocommerce-Price-amount amount\"><bdi>0,00&nbsp;<span class=\"woocommerce-Price-currencySymbol\">&#70;&#116;<\/span><\/bdi><\/span><\/span>\n<\/a><a href=\"#\" aria-describedby=\"woocommerce_loop_add_to_cart_link_describedby_3138\" data-quantity=\"1\" class=\"button product_type_external\" data-product_id=\"3138\" data-product_sku=\"\" aria-label=\"TERM\u00c9K MEGV\u00c1S\u00c1RL\u00c1SA\" rel=\"nofollow\">TERM\u00c9K MEGV\u00c1S\u00c1RL\u00c1SA<\/a>\t<span id=\"woocommerce_loop_add_to_cart_link_describedby_3138\" class=\"screen-reader-text\">\n\t\t\t<\/span>\n<\/li>\n<li class=\"product type-product post-3145 status-publish first instock product_cat-vegan-ready-meals has-post-thumbnail featured shipping-taxable product-type-external\">\n\t<a href=\"https:\/\/gabonakolbasz.hu\/en\/termek\/bolognai-lencseragu-350-g\/\" class=\"woocommerce-LoopProduct-link woocommerce-loop-product__link\"><img loading=\"lazy\" decoding=\"async\" width=\"300\" height=\"300\" src=\"https:\/\/gabonakolbasz.hu\/en\/wp-content\/uploads\/2024\/10\/bolognese-300x300.png\" class=\"attachment-woocommerce_thumbnail size-woocommerce_thumbnail\" alt=\"Lentil Bolognese \u2022 350 g\" srcset=\"https:\/\/gabonakolbasz.hu\/en\/wp-content\/uploads\/2024\/10\/bolognese-300x300.png 300w, https:\/\/gabonakolbasz.hu\/en\/wp-content\/uploads\/2024\/10\/bolognese-150x150.png 150w, https:\/\/gabonakolbasz.hu\/en\/wp-content\/uploads\/2024\/10\/bolognese-768x768.png 768w, https:\/\/gabonakolbasz.hu\/en\/wp-content\/uploads\/2024\/10\/bolognese-600x600.png 600w, https:\/\/gabonakolbasz.hu\/en\/wp-content\/uploads\/2024\/10\/bolognese-100x100.png 100w, https:\/\/gabonakolbasz.hu\/en\/wp-content\/uploads\/2024\/10\/bolognese.png 1000w\" sizes=\"(max-width: 300px) 100vw, 300px\" \/><h2 class=\"woocommerce-loop-product__title\">Lentil Bolognese \u2022 350 g<\/h2>\n\t<span class=\"price\"><span class=\"woocommerce-Price-amount amount\"><bdi>0,00&nbsp;<span class=\"woocommerce-Price-currencySymbol\">&#70;&#116;<\/span><\/bdi><\/span><\/span>\n<\/a><a href=\"#\" aria-describedby=\"woocommerce_loop_add_to_cart_link_describedby_3145\" data-quantity=\"1\" class=\"button product_type_external\" data-product_id=\"3145\" data-product_sku=\"\" aria-label=\"TERM\u00c9K MEGV\u00c1S\u00c1RL\u00c1SA\" rel=\"nofollow\">TERM\u00c9K MEGV\u00c1S\u00c1RL\u00c1SA<\/a>\t<span id=\"woocommerce_loop_add_to_cart_link_describedby_3145\" class=\"screen-reader-text\">\n\t\t\t<\/span>\n<\/li>\n<li class=\"product type-product post-3760 status-publish instock product_cat-vegan-ready-meals has-post-thumbnail featured shipping-taxable product-type-external\">\n\t<a href=\"https:\/\/gabonakolbasz.hu\/en\/termek\/vegetable-stew-with-chickpeas-and-brown-rice\/\" class=\"woocommerce-LoopProduct-link woocommerce-loop-product__link\"><img loading=\"lazy\" decoding=\"async\" width=\"300\" height=\"300\" src=\"https:\/\/gabonakolbasz.hu\/en\/wp-content\/uploads\/2024\/10\/chickpeas-300x300.png\" class=\"attachment-woocommerce_thumbnail size-woocommerce_thumbnail\" alt=\"Vegetable Stew \u2022 with chickpeas and brown rice \u2022 350 g\" srcset=\"https:\/\/gabonakolbasz.hu\/en\/wp-content\/uploads\/2024\/10\/chickpeas-300x300.png 300w, https:\/\/gabonakolbasz.hu\/en\/wp-content\/uploads\/2024\/10\/chickpeas-150x150.png 150w, https:\/\/gabonakolbasz.hu\/en\/wp-content\/uploads\/2024\/10\/chickpeas-768x768.png 768w, https:\/\/gabonakolbasz.hu\/en\/wp-content\/uploads\/2024\/10\/chickpeas-600x600.png 600w, https:\/\/gabonakolbasz.hu\/en\/wp-content\/uploads\/2024\/10\/chickpeas-100x100.png 100w, https:\/\/gabonakolbasz.hu\/en\/wp-content\/uploads\/2024\/10\/chickpeas.png 1000w\" sizes=\"(max-width: 300px) 100vw, 300px\" \/><h2 class=\"woocommerce-loop-product__title\">Vegetable Stew \u2022 with chickpeas and brown rice \u2022 350 g<\/h2>\n\t<span class=\"price\"><span class=\"woocommerce-Price-amount amount\"><bdi>0,00&nbsp;<span class=\"woocommerce-Price-currencySymbol\">&#70;&#116;<\/span><\/bdi><\/span><\/span>\n<\/a><a href=\"#\" aria-describedby=\"woocommerce_loop_add_to_cart_link_describedby_3760\" data-quantity=\"1\" class=\"button product_type_external\" data-product_id=\"3760\" data-product_sku=\"\" aria-label=\"TERM\u00c9K MEGV\u00c1S\u00c1RL\u00c1SA\" rel=\"nofollow\">TERM\u00c9K MEGV\u00c1S\u00c1RL\u00c1SA<\/a>\t<span id=\"woocommerce_loop_add_to_cart_link_describedby_3760\" class=\"screen-reader-text\">\n\t\t\t<\/span>\n<\/li>\n<li class=\"product type-product post-3759 status-publish last instock product_cat-vegan-ready-meals has-post-thumbnail featured shipping-taxable product-type-external\">\n\t<a href=\"https:\/\/gabonakolbasz.hu\/en\/termek\/vegan-bean-stew-with-smoked-seitan\/\" class=\"woocommerce-LoopProduct-link woocommerce-loop-product__link\"><img loading=\"lazy\" decoding=\"async\" width=\"300\" height=\"300\" src=\"https:\/\/gabonakolbasz.hu\/en\/wp-content\/uploads\/2024\/10\/bean-stew-300x300.png\" class=\"attachment-woocommerce_thumbnail size-woocommerce_thumbnail\" alt=\"Vegan Bean Stew \u2022 with smoked seitan \u2022 350 g\" srcset=\"https:\/\/gabonakolbasz.hu\/en\/wp-content\/uploads\/2024\/10\/bean-stew-300x300.png 300w, https:\/\/gabonakolbasz.hu\/en\/wp-content\/uploads\/2024\/10\/bean-stew-150x150.png 150w, https:\/\/gabonakolbasz.hu\/en\/wp-content\/uploads\/2024\/10\/bean-stew-768x768.png 768w, https:\/\/gabonakolbasz.hu\/en\/wp-content\/uploads\/2024\/10\/bean-stew-600x600.png 600w, https:\/\/gabonakolbasz.hu\/en\/wp-content\/uploads\/2024\/10\/bean-stew-100x100.png 100w, https:\/\/gabonakolbasz.hu\/en\/wp-content\/uploads\/2024\/10\/bean-stew.png 1000w\" sizes=\"(max-width: 300px) 100vw, 300px\" \/><h2 class=\"woocommerce-loop-product__title\">Vegan Bean Stew \u2022 with smoked seitan \u2022 350 g<\/h2>\n\t<span class=\"price\"><span class=\"woocommerce-Price-amount amount\"><bdi>0,00&nbsp;<span class=\"woocommerce-Price-currencySymbol\">&#70;&#116;<\/span><\/bdi><\/span><\/span>\n<\/a><a href=\"#\" aria-describedby=\"woocommerce_loop_add_to_cart_link_describedby_3759\" data-quantity=\"1\" class=\"button product_type_external\" data-product_id=\"3759\" data-product_sku=\"\" aria-label=\"TERM\u00c9K MEGV\u00c1S\u00c1RL\u00c1SA\" rel=\"nofollow\">TERM\u00c9K MEGV\u00c1S\u00c1RL\u00c1SA<\/a>\t<span id=\"woocommerce_loop_add_to_cart_link_describedby_3759\" class=\"screen-reader-text\">\n\t\t\t<\/span>\n<\/li>\n<\/ul>\n<\/div>\t\t\t\t<\/div>\n\t\t\t\t<\/div>\n\t\t\t\t\t<\/div>\n\t\t<\/div>\n\t\t\t\t\t<\/div>\n\t\t<\/section>\n\t\t\t\t<section class=\"elementor-section elementor-top-section elementor-element elementor-element-3dab4e7 elementor-section-boxed elementor-section-height-default elementor-section-height-default\" data-id=\"3dab4e7\" data-element_type=\"section\" data-e-type=\"section\" data-settings=\"{&quot;background_background&quot;:&quot;classic&quot;}\">\n\t\t\t\t\t\t<div class=\"elementor-container elementor-column-gap-no\">\n\t\t\t\t\t<div class=\"elementor-column elementor-col-100 elementor-top-column elementor-element elementor-element-a739000\" data-id=\"a739000\" data-element_type=\"column\" data-e-type=\"column\" data-settings=\"{&quot;background_background&quot;:&quot;classic&quot;}\">\n\t\t\t<div class=\"elementor-widget-wrap elementor-element-populated\">\n\t\t\t\t\t\t\t<\/div>\n\t\t<\/div>\n\t\t\t\t\t<\/div>\n\t\t<\/section>\n\t\t\t\t<section class=\"elementor-section elementor-top-section elementor-element elementor-element-ccac3cc elementor-section-boxed elementor-section-height-default elementor-section-height-default\" data-id=\"ccac3cc\" data-element_type=\"section\" data-e-type=\"section\" data-settings=\"{&quot;background_background&quot;:&quot;classic&quot;}\">\n\t\t\t\t\t\t<div class=\"elementor-container elementor-column-gap-no\">\n\t\t\t\t\t<div class=\"elementor-column elementor-col-100 elementor-top-column elementor-element elementor-element-fffcd09\" data-id=\"fffcd09\" data-element_type=\"column\" data-e-type=\"column\" data-settings=\"{&quot;background_background&quot;:&quot;gradient&quot;}\">\n\t\t\t<div class=\"elementor-widget-wrap elementor-element-populated\">\n\t\t\t\t\t\t<div class=\"elementor-element elementor-element-cc779a9 elementor-widget elementor-widget-heading\" data-id=\"cc779a9\" data-element_type=\"widget\" data-e-type=\"widget\" data-widget_type=\"heading.default\">\n\t\t\t\t<div class=\"elementor-widget-container\">\n\t\t\t\t\t<h2 class=\"elementor-heading-title elementor-size-default\">RECIPE IDEAS<\/h2>\t\t\t\t<\/div>\n\t\t\t\t<\/div>\n\t\t\t\t<div class=\"elementor-element elementor-element-0a4f347 elementor-widget-divider--view-line elementor-widget elementor-widget-divider\" data-id=\"0a4f347\" data-element_type=\"widget\" data-e-type=\"widget\" data-widget_type=\"divider.default\">\n\t\t\t\t<div class=\"elementor-widget-container\">\n\t\t\t\t\t\t\t<div class=\"elementor-divider\">\n\t\t\t<span class=\"elementor-divider-separator\">\n\t\t\t\t\t\t<\/span>\n\t\t<\/div>\n\t\t\t\t\t\t<\/div>\n\t\t\t\t<\/div>\n\t\t\t\t\t<\/div>\n\t\t<\/div>\n\t\t\t\t\t<\/div>\n\t\t<\/section>\n\t\t\t\t<\/div>\n\t\t","protected":false},"excerpt":{"rendered":"<p>RECIPE IDEAS<\/p>\n","protected":false},"author":1,"featured_media":0,"parent":0,"menu_order":0,"comment_status":"closed","ping_status":"closed","template":"","meta":{"footnotes":""},"class_list":["post-3030","page","type-page","status-publish","hentry"],"yoast_head":"<!-- This site is optimized with the Yoast SEO plugin v26.9 - https:\/\/yoast.com\/product\/yoast-seo-wordpress\/ -->\n<title>Vegan Ready Meals - Vega-Farm | Vegan Products<\/title>\n<meta name=\"robots\" content=\"index, follow, max-snippet:-1, max-image-preview:large, max-video-preview:-1\" \/>\n<link rel=\"canonical\" href=\"https:\/\/gabonakolbasz.hu\/en\/vegan-ready-meals\/\" \/>\n<meta property=\"og:locale\" content=\"en_US\" \/>\n<meta property=\"og:type\" content=\"article\" \/>\n<meta property=\"og:title\" content=\"Vegan Ready Meals - Vega-Farm | Vegan Products\" \/>\n<meta property=\"og:description\" content=\"RECIPE IDEAS\" \/>\n<meta property=\"og:url\" content=\"https:\/\/gabonakolbasz.hu\/en\/vegan-ready-meals\/\" \/>\n<meta property=\"og:site_name\" content=\"Vega-Farm | Vegan Products\" \/>\n<meta property=\"article:modified_time\" content=\"2026-01-06T15:05:37+00:00\" \/>\n<meta name=\"twitter:card\" content=\"summary_large_image\" \/>\n<meta name=\"twitter:label1\" content=\"Est. reading time\" \/>\n\t<meta name=\"twitter:data1\" content=\"2 minutes\" \/>\n<script type=\"application\/ld+json\" class=\"yoast-schema-graph\">{\"@context\":\"https:\/\/schema.org\",\"@graph\":[{\"@type\":\"WebPage\",\"@id\":\"https:\/\/gabonakolbasz.hu\/en\/vegan-ready-meals\/\",\"url\":\"https:\/\/gabonakolbasz.hu\/en\/vegan-ready-meals\/\",\"name\":\"Vegan Ready Meals - Vega-Farm | Vegan Products\",\"isPartOf\":{\"@id\":\"https:\/\/gabonakolbasz.hu\/en\/#website\"},\"datePublished\":\"2024-09-28T20:56:45+00:00\",\"dateModified\":\"2026-01-06T15:05:37+00:00\",\"breadcrumb\":{\"@id\":\"https:\/\/gabonakolbasz.hu\/en\/vegan-ready-meals\/#breadcrumb\"},\"inLanguage\":\"en-US\",\"potentialAction\":[{\"@type\":\"ReadAction\",\"target\":[\"https:\/\/gabonakolbasz.hu\/en\/vegan-ready-meals\/\"]}]},{\"@type\":\"BreadcrumbList\",\"@id\":\"https:\/\/gabonakolbasz.hu\/en\/vegan-ready-meals\/#breadcrumb\",\"itemListElement\":[{\"@type\":\"ListItem\",\"position\":1,\"name\":\"Kezd\u0151lap\",\"item\":\"https:\/\/gabonakolbasz.hu\/en\/\"},{\"@type\":\"ListItem\",\"position\":2,\"name\":\"Vegan Ready Meals\"}]},{\"@type\":\"WebSite\",\"@id\":\"https:\/\/gabonakolbasz.hu\/en\/#website\",\"url\":\"https:\/\/gabonakolbasz.hu\/en\/\",\"name\":\"Vega-Farm | Vegan Products\",\"description\":\"\",\"potentialAction\":[{\"@type\":\"SearchAction\",\"target\":{\"@type\":\"EntryPoint\",\"urlTemplate\":\"https:\/\/gabonakolbasz.hu\/en\/?s={search_term_string}\"},\"query-input\":{\"@type\":\"PropertyValueSpecification\",\"valueRequired\":true,\"valueName\":\"search_term_string\"}}],\"inLanguage\":\"en-US\"}]}<\/script>\n<!-- \/ Yoast SEO plugin. -->","yoast_head_json":{"title":"Vegan Ready Meals - Vega-Farm | Vegan Products","robots":{"index":"index","follow":"follow","max-snippet":"max-snippet:-1","max-image-preview":"max-image-preview:large","max-video-preview":"max-video-preview:-1"},"canonical":"https:\/\/gabonakolbasz.hu\/en\/vegan-ready-meals\/","og_locale":"en_US","og_type":"article","og_title":"Vegan Ready Meals - Vega-Farm | Vegan Products","og_description":"RECIPE IDEAS","og_url":"https:\/\/gabonakolbasz.hu\/en\/vegan-ready-meals\/","og_site_name":"Vega-Farm | Vegan Products","article_modified_time":"2026-01-06T15:05:37+00:00","twitter_card":"summary_large_image","twitter_misc":{"Est. reading time":"2 minutes"},"schema":{"@context":"https:\/\/schema.org","@graph":[{"@type":"WebPage","@id":"https:\/\/gabonakolbasz.hu\/en\/vegan-ready-meals\/","url":"https:\/\/gabonakolbasz.hu\/en\/vegan-ready-meals\/","name":"Vegan Ready Meals - Vega-Farm | Vegan Products","isPartOf":{"@id":"https:\/\/gabonakolbasz.hu\/en\/#website"},"datePublished":"2024-09-28T20:56:45+00:00","dateModified":"2026-01-06T15:05:37+00:00","breadcrumb":{"@id":"https:\/\/gabonakolbasz.hu\/en\/vegan-ready-meals\/#breadcrumb"},"inLanguage":"en-US","potentialAction":[{"@type":"ReadAction","target":["https:\/\/gabonakolbasz.hu\/en\/vegan-ready-meals\/"]}]},{"@type":"BreadcrumbList","@id":"https:\/\/gabonakolbasz.hu\/en\/vegan-ready-meals\/#breadcrumb","itemListElement":[{"@type":"ListItem","position":1,"name":"Kezd\u0151lap","item":"https:\/\/gabonakolbasz.hu\/en\/"},{"@type":"ListItem","position":2,"name":"Vegan Ready Meals"}]},{"@type":"WebSite","@id":"https:\/\/gabonakolbasz.hu\/en\/#website","url":"https:\/\/gabonakolbasz.hu\/en\/","name":"Vega-Farm | Vegan Products","description":"","potentialAction":[{"@type":"SearchAction","target":{"@type":"EntryPoint","urlTemplate":"https:\/\/gabonakolbasz.hu\/en\/?s={search_term_string}"},"query-input":{"@type":"PropertyValueSpecification","valueRequired":true,"valueName":"search_term_string"}}],"inLanguage":"en-US"}]}},"_links":{"self":[{"href":"https:\/\/gabonakolbasz.hu\/en\/wp-json\/wp\/v2\/pages\/3030","targetHints":{"allow":["GET"]}}],"collection":[{"href":"https:\/\/gabonakolbasz.hu\/en\/wp-json\/wp\/v2\/pages"}],"about":[{"href":"https:\/\/gabonakolbasz.hu\/en\/wp-json\/wp\/v2\/types\/page"}],"author":[{"embeddable":true,"href":"https:\/\/gabonakolbasz.hu\/en\/wp-json\/wp\/v2\/users\/1"}],"replies":[{"embeddable":true,"href":"https:\/\/gabonakolbasz.hu\/en\/wp-json\/wp\/v2\/comments?post=3030"}],"version-history":[{"count":37,"href":"https:\/\/gabonakolbasz.hu\/en\/wp-json\/wp\/v2\/pages\/3030\/revisions"}],"predecessor-version":[{"id":3865,"href":"https:\/\/gabonakolbasz.hu\/en\/wp-json\/wp\/v2\/pages\/3030\/revisions\/3865"}],"wp:attachment":[{"href":"https:\/\/gabonakolbasz.hu\/en\/wp-json\/wp\/v2\/media?parent=3030"}],"curies":[{"name":"wp","href":"https:\/\/api.w.org\/{rel}","templated":true}]}}